{"id":2003,"date":"2017-02-17T10:12:16","date_gmt":"2017-02-17T09:12:16","guid":{"rendered":"https:\/\/www.kaemena-koepke-gmbh.de\/kontakt\/"},"modified":"2020-02-10T11:02:33","modified_gmt":"2020-02-10T10:02:33","slug":"kontakt","status":"publish","type":"page","link":"https:\/\/www.kaemena-koepke-gmbh.de\/en\/kontakt\/","title":{"rendered":"Contact"},"content":{"rendered":"\n<div class=\"wpcf7 no-js\" id=\"wpcf7-f35-o1\" lang=\"de-DE\" dir=\"ltr\" data-wpcf7-id=\"35\">\n<div class=\"screen-reader-response\"><p role=\"status\" aria-live=\"polite\" aria-atomic=\"true\"><\/p> <ul><\/ul><\/div>\n<form action=\"\/en\/wp-json\/wp\/v2\/pages\/2003#wpcf7-f35-o1\" method=\"post\" class=\"wpcf7-form init wpcf7-acceptance-as-validation\" aria-label=\"Kontaktformular\" novalidate=\"novalidate\" data-status=\"init\">\n<fieldset class=\"hidden-fields-container\"><input type=\"hidden\" name=\"_wpcf7\" value=\"35\" \/><input type=\"hidden\" name=\"_wpcf7_version\" value=\"6.1.5\" \/><input type=\"hidden\" name=\"_wpcf7_locale\" value=\"de_DE\" \/><input type=\"hidden\" name=\"_wpcf7_unit_tag\" value=\"wpcf7-f35-o1\" \/><input type=\"hidden\" name=\"_wpcf7_container_post\" value=\"0\" \/><input type=\"hidden\" name=\"_wpcf7_posted_data_hash\" value=\"\" \/>\n<\/fieldset>\n<p>Name (*)\n<\/p>\n<p><span class=\"wpcf7-form-control-wrap\" data-name=\"your-name\"><input size=\"40\" maxlength=\"400\" class=\"wpcf7-form-control wpcf7-text wpcf7-validates-as-required\" aria-required=\"true\" aria-invalid=\"false\" value=\"\" type=\"text\" name=\"your-name\" \/><\/span>\n<\/p>\n<p>E-Mail Adresse (*)<br \/>\n<span class=\"wpcf7-form-control-wrap\" data-name=\"your-email\"><input size=\"40\" maxlength=\"400\" class=\"wpcf7-form-control wpcf7-email wpcf7-validates-as-required wpcf7-text wpcf7-validates-as-email\" aria-required=\"true\" aria-invalid=\"false\" value=\"\" type=\"email\" name=\"your-email\" \/><\/span>\n<\/p>\n<p>Betreff (*)\n<\/p>\n<p><span class=\"wpcf7-form-control-wrap\" data-name=\"your-subject\"><input size=\"40\" maxlength=\"400\" class=\"wpcf7-form-control wpcf7-text wpcf7-validates-as-required\" aria-required=\"true\" aria-invalid=\"false\" value=\"\" type=\"text\" name=\"your-subject\" \/><\/span>\n<\/p>\n<p>Nachricht\n<\/p>\n<p><span class=\"wpcf7-form-control-wrap\" data-name=\"your-message\"><textarea cols=\"40\" rows=\"10\" maxlength=\"2000\" class=\"wpcf7-form-control wpcf7-textarea\" aria-invalid=\"false\" name=\"your-message\"><\/textarea><\/span>\n<\/p>\n<p><br \/>\n<span class=\"wpcf7-form-control-wrap\" data-name=\"acceptance-553\"><span class=\"wpcf7-form-control wpcf7-acceptance\"><span class=\"wpcf7-list-item\"><input type=\"checkbox\" name=\"acceptance-553\" value=\"1\" aria-invalid=\"false\" \/><\/span><\/span><\/span><strong>Datenschutz<\/strong> (*)<br \/>\nIch erm\u00e4chtige Kaemena & K\u00f6pke GmbH meine personenbezogenen Daten elektronisch zu speichern. Kaemena & K\u00f6pke GmbH versichert, diese Daten mit h\u00f6chster Vertraulichkeit zu behandeln und nur f\u00fcr interne Zwecke zu verwenden. Eine Abgabe an Dritte wird ausgeschlossen. Bitte beachten Sie unsere <a href=\"\/datenschutz\/\" target=\"_blank\">Datenschutzerkl\u00e4rung<\/a>.\n<\/p>\n<p>Bitte \u00fcbertragen Sie folgenden Sicherheitscode (*)\n<\/p>\n<p><input type=\"hidden\" name=\"_wpcf7_captcha_challenge_captcha-480\" value=\"3655169815\" \/><img loading=\"lazy\" decoding=\"async\" class=\"wpcf7-form-control wpcf7-captchac wpcf7-captcha-captcha-480\" width=\"72\" height=\"24\" alt=\"captcha\" src=\"https:\/\/www.kaemena-koepke-gmbh.de\/wp-content\/uploads\/wpcf7_captcha\/3655169815.png\" \/>\n<\/p>\n<p><span class=\"wpcf7-form-control-wrap\" data-name=\"captcha-480\"><input size=\"40\" class=\"wpcf7-form-control wpcf7-captchar\" autocomplete=\"off\" aria-invalid=\"false\" value=\"\" type=\"text\" name=\"captcha-480\" \/><\/span>\n<\/p>\n<p>(* = Pflichfeld)\n<\/p>\n<p><input class=\"wpcf7-form-control wpcf7-submit has-spinner\" type=\"submit\" value=\"Senden\" \/>\n<\/p><div class=\"wpcf7-response-output\" aria-hidden=\"true\"><\/div>\n<\/form>\n<\/div>\n\n","protected":false},"excerpt":{"rendered":"","protected":false},"author":1,"featured_media":0,"parent":0,"menu_order":43,"comment_status":"closed","ping_status":"closed","template":"","meta":{"_acf_changed":false,"footnotes":""},"class_list":["post-2003","page","type-page","status-publish","hentry"],"acf":[],"yoast_head":"<!-- This site is optimized with the Yoast SEO plugin v27.1.1 - https:\/\/yoast.com\/product\/yoast-seo-wordpress\/ -->\n<title>Contact - Kaemena &amp; K\u00f6pke GmbH<\/title>\n<meta name=\"robots\" content=\"index, follow, max-snippet:-1, max-image-preview:large, max-video-preview:-1\" \/>\n<link rel=\"canonical\" href=\"https:\/\/www.kaemena-koepke-gmbh.de\/en\/kontakt\/\" \/>\n<meta property=\"og:locale\" content=\"en_US\" \/>\n<meta property=\"og:type\" content=\"article\" \/>\n<meta property=\"og:title\" content=\"Contact - Kaemena &amp; K\u00f6pke GmbH\" \/>\n<meta property=\"og:url\" content=\"https:\/\/www.kaemena-koepke-gmbh.de\/en\/kontakt\/\" \/>\n<meta property=\"og:site_name\" content=\"Kaemena &amp; K\u00f6pke GmbH\" \/>\n<meta property=\"article:modified_time\" content=\"2020-02-10T10:02:33+00:00\" \/>\n<meta name=\"twitter:card\" content=\"summary_large_image\" \/>\n<script type=\"application\/ld+json\" class=\"yoast-schema-graph\">{\"@context\":\"https:\/\/schema.org\",\"@graph\":[{\"@type\":\"WebPage\",\"@id\":\"https:\/\/www.kaemena-koepke-gmbh.de\/en\/kontakt\/\",\"url\":\"https:\/\/www.kaemena-koepke-gmbh.de\/en\/kontakt\/\",\"name\":\"Contact - Kaemena &amp; K\u00f6pke GmbH\",\"isPartOf\":{\"@id\":\"https:\/\/www.kaemena-koepke-gmbh.de\/en\/#website\"},\"datePublished\":\"2017-02-17T09:12:16+00:00\",\"dateModified\":\"2020-02-10T10:02:33+00:00\",\"breadcrumb\":{\"@id\":\"https:\/\/www.kaemena-koepke-gmbh.de\/en\/kontakt\/#breadcrumb\"},\"inLanguage\":\"en-US\",\"potentialAction\":[{\"@type\":\"ReadAction\",\"target\":[\"https:\/\/www.kaemena-koepke-gmbh.de\/en\/kontakt\/\"]}]},{\"@type\":\"BreadcrumbList\",\"@id\":\"https:\/\/www.kaemena-koepke-gmbh.de\/en\/kontakt\/#breadcrumb\",\"itemListElement\":[{\"@type\":\"ListItem\",\"position\":1,\"name\":\"Startseite\",\"item\":\"https:\/\/www.kaemena-koepke-gmbh.de\/en\/\"},{\"@type\":\"ListItem\",\"position\":2,\"name\":\"Contact\"}]},{\"@type\":\"WebSite\",\"@id\":\"https:\/\/www.kaemena-koepke-gmbh.de\/en\/#website\",\"url\":\"https:\/\/www.kaemena-koepke-gmbh.de\/en\/\",\"name\":\"Kaemena &amp; K\u00f6pke GmbH\",\"description\":\"\",\"potentialAction\":[{\"@type\":\"SearchAction\",\"target\":{\"@type\":\"EntryPoint\",\"urlTemplate\":\"https:\/\/www.kaemena-koepke-gmbh.de\/en\/?s={search_term_string}\"},\"query-input\":{\"@type\":\"PropertyValueSpecification\",\"valueRequired\":true,\"valueName\":\"search_term_string\"}}],\"inLanguage\":\"en-US\"}]}<\/script>\n<!-- \/ Yoast SEO plugin. -->","yoast_head_json":{"title":"Contact - Kaemena &amp; K\u00f6pke GmbH","robots":{"index":"index","follow":"follow","max-snippet":"max-snippet:-1","max-image-preview":"max-image-preview:large","max-video-preview":"max-video-preview:-1"},"canonical":"https:\/\/www.kaemena-koepke-gmbh.de\/en\/kontakt\/","og_locale":"en_US","og_type":"article","og_title":"Contact - Kaemena &amp; K\u00f6pke GmbH","og_url":"https:\/\/www.kaemena-koepke-gmbh.de\/en\/kontakt\/","og_site_name":"Kaemena &amp; K\u00f6pke GmbH","article_modified_time":"2020-02-10T10:02:33+00:00","twitter_card":"summary_large_image","schema":{"@context":"https:\/\/schema.org","@graph":[{"@type":"WebPage","@id":"https:\/\/www.kaemena-koepke-gmbh.de\/en\/kontakt\/","url":"https:\/\/www.kaemena-koepke-gmbh.de\/en\/kontakt\/","name":"Contact - Kaemena &amp; K\u00f6pke GmbH","isPartOf":{"@id":"https:\/\/www.kaemena-koepke-gmbh.de\/en\/#website"},"datePublished":"2017-02-17T09:12:16+00:00","dateModified":"2020-02-10T10:02:33+00:00","breadcrumb":{"@id":"https:\/\/www.kaemena-koepke-gmbh.de\/en\/kontakt\/#breadcrumb"},"inLanguage":"en-US","potentialAction":[{"@type":"ReadAction","target":["https:\/\/www.kaemena-koepke-gmbh.de\/en\/kontakt\/"]}]},{"@type":"BreadcrumbList","@id":"https:\/\/www.kaemena-koepke-gmbh.de\/en\/kontakt\/#breadcrumb","itemListElement":[{"@type":"ListItem","position":1,"name":"Startseite","item":"https:\/\/www.kaemena-koepke-gmbh.de\/en\/"},{"@type":"ListItem","position":2,"name":"Contact"}]},{"@type":"WebSite","@id":"https:\/\/www.kaemena-koepke-gmbh.de\/en\/#website","url":"https:\/\/www.kaemena-koepke-gmbh.de\/en\/","name":"Kaemena &amp; K\u00f6pke GmbH","description":"","potentialAction":[{"@type":"SearchAction","target":{"@type":"EntryPoint","urlTemplate":"https:\/\/www.kaemena-koepke-gmbh.de\/en\/?s={search_term_string}"},"query-input":{"@type":"PropertyValueSpecification","valueRequired":true,"valueName":"search_term_string"}}],"inLanguage":"en-US"}]}},"_links":{"self":[{"href":"https:\/\/www.kaemena-koepke-gmbh.de\/en\/wp-json\/wp\/v2\/pages\/2003","targetHints":{"allow":["GET"]}}],"collection":[{"href":"https:\/\/www.kaemena-koepke-gmbh.de\/en\/wp-json\/wp\/v2\/pages"}],"about":[{"href":"https:\/\/www.kaemena-koepke-gmbh.de\/en\/wp-json\/wp\/v2\/types\/page"}],"author":[{"embeddable":true,"href":"https:\/\/www.kaemena-koepke-gmbh.de\/en\/wp-json\/wp\/v2\/users\/1"}],"replies":[{"embeddable":true,"href":"https:\/\/www.kaemena-koepke-gmbh.de\/en\/wp-json\/wp\/v2\/comments?post=2003"}],"version-history":[{"count":0,"href":"https:\/\/www.kaemena-koepke-gmbh.de\/en\/wp-json\/wp\/v2\/pages\/2003\/revisions"}],"wp:attachment":[{"href":"https:\/\/www.kaemena-koepke-gmbh.de\/en\/wp-json\/wp\/v2\/media?parent=2003"}],"curies":[{"name":"wp","href":"https:\/\/api.w.org\/{rel}","templated":true}]}}